{"id":7946,"date":"2019-07-22T12:02:51","date_gmt":"2019-07-22T15:02:51","guid":{"rendered":"https:\/\/www.unifio.edu.br\/?page_id=7946"},"modified":"2026-03-31T15:01:58","modified_gmt":"2026-03-31T18:01:58","slug":"comissao-propria-de-avaliacao-cpa","status":"publish","type":"page","link":"https:\/\/www.unifio.edu.br\/home\/comissao-propria-de-avaliacao-cpa\/","title":{"rendered":"Comiss\u00e3o Pr\u00f3pria de Avalia\u00e7\u00e3o &#8211; CPA"},"content":{"rendered":"","protected":false},"excerpt":{"rendered":"","protected":false},"author":12,"featured_media":0,"parent":0,"menu_order":0,"comment_status":"closed","ping_status":"closed","template":"","meta":{"_monsterinsights_skip_tracking":false,"_monsterinsights_sitenote_active":false,"_monsterinsights_sitenote_note":"","_monsterinsights_sitenote_category":0,"footnotes":""},"class_list":["post-7946","page","type-page","status-publish","hentry"],"_links":{"self":[{"href":"https:\/\/www.unifio.edu.br\/home\/wp-json\/wp\/v2\/pages\/7946","targetHints":{"allow":["GET"]}}],"collection":[{"href":"https:\/\/www.unifio.edu.br\/home\/wp-json\/wp\/v2\/pages"}],"about":[{"href":"https:\/\/www.unifio.edu.br\/home\/wp-json\/wp\/v2\/types\/page"}],"author":[{"embeddable":true,"href":"https:\/\/www.unifio.edu.br\/home\/wp-json\/wp\/v2\/users\/12"}],"replies":[{"embeddable":true,"href":"https:\/\/www.unifio.edu.br\/home\/wp-json\/wp\/v2\/comments?post=7946"}],"version-history":[{"count":5,"href":"https:\/\/www.unifio.edu.br\/home\/wp-json\/wp\/v2\/pages\/7946\/revisions"}],"predecessor-version":[{"id":22733,"href":"https:\/\/www.unifio.edu.br\/home\/wp-json\/wp\/v2\/pages\/7946\/revisions\/22733"}],"wp:attachment":[{"href":"https:\/\/www.unifio.edu.br\/home\/wp-json\/wp\/v2\/media?parent=7946"}],"curies":[{"name":"wp","href":"https:\/\/api.w.org\/{rel}","templated":true}]}}