{"id":22753,"date":"2026-04-08T10:53:09","date_gmt":"2026-04-08T13:53:09","guid":{"rendered":"https:\/\/www.unifio.edu.br\/home\/?page_id=22753"},"modified":"2026-04-10T10:03:42","modified_gmt":"2026-04-10T13:03:42","slug":"inova-ciencia","status":"publish","type":"page","link":"https:\/\/www.unifio.edu.br\/home\/inova-ciencia\/","title":{"rendered":"INOVA CI\u00caNCIA"},"content":{"rendered":"\t\t<div data-elementor-type=\"wp-page\" data-elementor-id=\"22753\" class=\"elementor elementor-22753\">\n\t\t\t\t<div class=\"elementor-element elementor-element-68639f9 e-con-full e-flex e-con e-parent\" data-id=\"68639f9\" data-element_type=\"container\">\n\t\t\t\t<div class=\"elementor-element elementor-element-32d516d elementor-widget elementor-widget-image\" data-id=\"32d516d\" data-element_type=\"widget\" data-widget_type=\"image.default\">\n\t\t\t\t<div class=\"elementor-widget-container\">\n\t\t\t\t\t\t\t\t\t\t\t\t\t\t\t<img fetchpriority=\"high\" decoding=\"async\" width=\"860\" height=\"121\" src=\"https:\/\/www.unifio.edu.br\/wp-content\/uploads\/2026\/04\/header-inovaciencia.png\" class=\"attachment-large size-large wp-image-22754\" alt=\"\" srcset=\"https:\/\/www.unifio.edu.br\/wp-content\/uploads\/2026\/04\/header-inovaciencia.png 860w, https:\/\/www.unifio.edu.br\/wp-content\/uploads\/2026\/04\/header-inovaciencia-300x42.png 300w, https:\/\/www.unifio.edu.br\/wp-content\/uploads\/2026\/04\/header-inovaciencia-768x108.png 768w\" sizes=\"(max-width: 860px) 100vw, 860px\" \/>\t\t\t\t\t\t\t\t\t\t\t\t\t\t\t<\/div>\n\t\t\t\t<\/div>\n\t\t\t\t<\/div>\n\t\t<div class=\"elementor-element elementor-element-6017ab1 e-con-full e-flex e-con e-parent\" data-id=\"6017ab1\" data-element_type=\"container\">\n\t\t\t\t<div class=\"elementor-element elementor-element-6d7c642 e-n-tabs-mobile elementor-widget elementor-widget-n-tabs\" data-id=\"6d7c642\" data-element_type=\"widget\" data-settings=\"{&quot;tabs_justify_horizontal&quot;:&quot;stretch&quot;,&quot;horizontal_scroll&quot;:&quot;disable&quot;}\" data-widget_type=\"nested-tabs.default\">\n\t\t\t\t<div class=\"elementor-widget-container\">\n\t\t\t\t\t\t\t<div class=\"e-n-tabs\" data-widget-number=\"114804290\" aria-label=\"Abas. Abra itens com &quot;Enter&quot; ou &quot;Espa\u00e7o&quot;, feche com &quot;Escape&quot; e navegue usando as teclas de &quot;Seta&quot;.\">\n\t\t\t<div class=\"e-n-tabs-heading\" role=\"tablist\">\n\t\t\t\t\t<button id=\"e-n-tab-title-1148042901\" data-tab-title-id=\"e-n-tab-title-1148042901\" class=\"e-n-tab-title\" aria-selected=\"true\" data-tab-index=\"1\" role=\"tab\" tabindex=\"0\" aria-controls=\"e-n-tab-content-1148042901\" style=\"--n-tabs-title-order: 1;\">\n\t\t\t\t\t\t<span class=\"e-n-tab-title-text\">\n\t\t\t\tINOVA CI\u00caNCIA \t\t\t<\/span>\n\t\t<\/button>\n\t\t\t\t<button id=\"e-n-tab-title-1148042902\" data-tab-title-id=\"e-n-tab-title-1148042902\" class=\"e-n-tab-title\" aria-selected=\"false\" data-tab-index=\"2\" role=\"tab\" tabindex=\"-1\" aria-controls=\"e-n-tab-content-1148042902\" style=\"--n-tabs-title-order: 2;\">\n\t\t\t\t\t\t<span class=\"e-n-tab-title-text\">\n\t\t\t\tALMANAQUE CI\u00caNCIAS AGR\u00c1RIAS\t\t\t<\/span>\n\t\t<\/button>\n\t\t\t\t<button id=\"e-n-tab-title-1148042903\" data-tab-title-id=\"e-n-tab-title-1148042903\" class=\"e-n-tab-title\" aria-selected=\"false\" data-tab-index=\"3\" role=\"tab\" tabindex=\"-1\" aria-controls=\"e-n-tab-content-1148042903\" style=\"--n-tabs-title-order: 3;\">\n\t\t\t\t\t\t<span class=\"e-n-tab-title-text\">\n\t\t\t\tF\u00d3RUM DI\u00c1LOGOS EM PSICOLOGIA\t\t\t<\/span>\n\t\t<\/button>\n\t\t\t\t\t<\/div>\n\t\t\t<div class=\"e-n-tabs-content\">\n\t\t\t\t<div id=\"e-n-tab-content-1148042901\" role=\"tabpanel\" aria-labelledby=\"e-n-tab-title-1148042901\" data-tab-index=\"1\" style=\"--n-tabs-title-order: 1;\" class=\"e-active elementor-element elementor-element-1b70321 e-con-full e-flex e-con e-child\" data-id=\"1b70321\" data-element_type=\"container\">\n\t\t\t\t<div class=\"elementor-element elementor-element-ab1dd90 elementor-widget elementor-widget-image\" data-id=\"ab1dd90\" data-element_type=\"widget\" data-widget_type=\"image.default\">\n\t\t\t\t<div class=\"elementor-widget-container\">\n\t\t\t\t\t\t\t\t\t\t\t\t\t\t\t<img decoding=\"async\" width=\"724\" height=\"1024\" src=\"https:\/\/www.unifio.edu.br\/wp-content\/uploads\/2026\/04\/InovaCiencia-724x1024.png\" class=\"attachment-large size-large wp-image-22759\" alt=\"\" srcset=\"https:\/\/www.unifio.edu.br\/wp-content\/uploads\/2026\/04\/InovaCiencia-724x1024.png 724w, https:\/\/www.unifio.edu.br\/wp-content\/uploads\/2026\/04\/InovaCiencia-212x300.png 212w, https:\/\/www.unifio.edu.br\/wp-content\/uploads\/2026\/04\/InovaCiencia-768x1086.png 768w, https:\/\/www.unifio.edu.br\/wp-content\/uploads\/2026\/04\/InovaCiencia-1086x1536.png 1086w, https:\/\/www.unifio.edu.br\/wp-content\/uploads\/2026\/04\/InovaCiencia-1448x2048.png 1448w\" sizes=\"(max-width: 724px) 100vw, 724px\" \/>\t\t\t\t\t\t\t\t\t\t\t\t\t\t\t<\/div>\n\t\t\t\t<\/div>\n\t\t\t\t<\/div>\n\t\t<div id=\"e-n-tab-content-1148042902\" role=\"tabpanel\" aria-labelledby=\"e-n-tab-title-1148042902\" data-tab-index=\"2\" style=\"--n-tabs-title-order: 2;\" class=\" elementor-element elementor-element-ae293bf e-con-full e-flex e-con e-child\" data-id=\"ae293bf\" data-element_type=\"container\">\n\t\t\t\t<div class=\"elementor-element elementor-element-7745c14 elementor-widget elementor-widget-image\" data-id=\"7745c14\" data-element_type=\"widget\" data-widget_type=\"image.default\">\n\t\t\t\t<div class=\"elementor-widget-container\">\n\t\t\t\t\t\t\t\t\t\t\t\t\t\t\t<img decoding=\"async\" width=\"724\" height=\"1024\" src=\"https:\/\/www.unifio.edu.br\/wp-content\/uploads\/2026\/04\/Almanaque-Ciencias-Agrarias-724x1024.png\" class=\"attachment-large size-large wp-image-22756\" alt=\"\" srcset=\"https:\/\/www.unifio.edu.br\/wp-content\/uploads\/2026\/04\/Almanaque-Ciencias-Agrarias-724x1024.png 724w, https:\/\/www.unifio.edu.br\/wp-content\/uploads\/2026\/04\/Almanaque-Ciencias-Agrarias-212x300.png 212w, https:\/\/www.unifio.edu.br\/wp-content\/uploads\/2026\/04\/Almanaque-Ciencias-Agrarias-768x1086.png 768w, https:\/\/www.unifio.edu.br\/wp-content\/uploads\/2026\/04\/Almanaque-Ciencias-Agrarias-1086x1536.png 1086w, https:\/\/www.unifio.edu.br\/wp-content\/uploads\/2026\/04\/Almanaque-Ciencias-Agrarias-1448x2048.png 1448w\" sizes=\"(max-width: 724px) 100vw, 724px\" \/>\t\t\t\t\t\t\t\t\t\t\t\t\t\t\t<\/div>\n\t\t\t\t<\/div>\n\t\t\t\t<\/div>\n\t\t<div id=\"e-n-tab-content-1148042903\" role=\"tabpanel\" aria-labelledby=\"e-n-tab-title-1148042903\" data-tab-index=\"3\" style=\"--n-tabs-title-order: 3;\" class=\" elementor-element elementor-element-ceea218 e-con-full e-flex e-con e-child\" data-id=\"ceea218\" data-element_type=\"container\">\n\t\t\t\t<div class=\"elementor-element elementor-element-16d3642 elementor-widget elementor-widget-image\" data-id=\"16d3642\" data-element_type=\"widget\" data-widget_type=\"image.default\">\n\t\t\t\t<div class=\"elementor-widget-container\">\n\t\t\t\t\t\t\t\t\t\t\t\t\t\t\t<img loading=\"lazy\" decoding=\"async\" width=\"724\" height=\"1024\" src=\"https:\/\/www.unifio.edu.br\/wp-content\/uploads\/2026\/04\/Forum-724x1024.png\" class=\"attachment-large size-large wp-image-22755\" alt=\"\" srcset=\"https:\/\/www.unifio.edu.br\/wp-content\/uploads\/2026\/04\/Forum-724x1024.png 724w, https:\/\/www.unifio.edu.br\/wp-content\/uploads\/2026\/04\/Forum-212x300.png 212w, https:\/\/www.unifio.edu.br\/wp-content\/uploads\/2026\/04\/Forum-768x1086.png 768w, https:\/\/www.unifio.edu.br\/wp-content\/uploads\/2026\/04\/Forum-1086x1536.png 1086w, https:\/\/www.unifio.edu.br\/wp-content\/uploads\/2026\/04\/Forum-1448x2048.png 1448w\" sizes=\"(max-width: 724px) 100vw, 724px\" \/>\t\t\t\t\t\t\t\t\t\t\t\t\t\t\t<\/div>\n\t\t\t\t<\/div>\n\t\t\t\t<\/div>\n\t\t\t\t\t<\/div>\n\t\t<\/div>\n\t\t\t\t\t\t<\/div>\n\t\t\t\t<\/div>\n\t\t\t\t<\/div>\n\t\t\t\t<\/div>\n\t\t","protected":false},"excerpt":{"rendered":"<p>INOVA CI\u00caNCIA ALMANAQUE CI\u00caNCIAS AGR\u00c1RIAS F\u00d3RUM DI\u00c1LOGOS EM PSICOLOGIA<\/p>\n","protected":false},"author":19,"featured_media":0,"parent":0,"menu_order":0,"comment_status":"closed","ping_status":"closed","template":"elementor_theme","meta":{"_monsterinsights_skip_tracking":false,"_monsterinsights_sitenote_active":false,"_monsterinsights_sitenote_note":"","_monsterinsights_sitenote_category":0,"footnotes":""},"class_list":["post-22753","page","type-page","status-publish","hentry"],"_links":{"self":[{"href":"https:\/\/www.unifio.edu.br\/home\/wp-json\/wp\/v2\/pages\/22753","targetHints":{"allow":["GET"]}}],"collection":[{"href":"https:\/\/www.unifio.edu.br\/home\/wp-json\/wp\/v2\/pages"}],"about":[{"href":"https:\/\/www.unifio.edu.br\/home\/wp-json\/wp\/v2\/types\/page"}],"author":[{"embeddable":true,"href":"https:\/\/www.unifio.edu.br\/home\/wp-json\/wp\/v2\/users\/19"}],"replies":[{"embeddable":true,"href":"https:\/\/www.unifio.edu.br\/home\/wp-json\/wp\/v2\/comments?post=22753"}],"version-history":[{"count":5,"href":"https:\/\/www.unifio.edu.br\/home\/wp-json\/wp\/v2\/pages\/22753\/revisions"}],"predecessor-version":[{"id":22800,"href":"https:\/\/www.unifio.edu.br\/home\/wp-json\/wp\/v2\/pages\/22753\/revisions\/22800"}],"wp:attachment":[{"href":"https:\/\/www.unifio.edu.br\/home\/wp-json\/wp\/v2\/media?parent=22753"}],"curies":[{"name":"wp","href":"https:\/\/api.w.org\/{rel}","templated":true}]}}