{"id":2039,"date":"2018-06-11T14:25:44","date_gmt":"2018-06-11T14:25:44","guid":{"rendered":"http:\/\/demo.goodlayers.com\/infinite\/?page_id=2039"},"modified":"2024-10-22T16:15:29","modified_gmt":"2024-10-22T19:15:29","slug":"home","status":"publish","type":"page","link":"https:\/\/www.unifio.edu.br\/home\/","title":{"rendered":"Homepage"},"content":{"rendered":"\t\t<div data-elementor-type=\"wp-page\" data-elementor-id=\"2039\" class=\"elementor elementor-2039\">\n\t\t\t\t\t\t<section class=\"elementor-section elementor-top-section elementor-element elementor-element-6fb2a6f elementor-section-boxed elementor-section-height-default elementor-section-height-default\" data-id=\"6fb2a6f\" data-element_type=\"section\">\n\t\t\t\t\t\t<div class=\"elementor-container elementor-column-gap-default\">\n\t\t\t\t\t<div class=\"elementor-column elementor-col-100 elementor-top-column elementor-element elementor-element-38fc66f\" data-id=\"38fc66f\" data-element_type=\"column\" data-settings=\"{&quot;background_background&quot;:&quot;gradient&quot;}\">\n\t\t\t<div class=\"elementor-widget-wrap\">\n\t\t\t\t\t\t\t<\/div>\n\t\t<\/div>\n\t\t\t\t\t<\/div>\n\t\t<\/section>\n\t\t\t\t<section class=\"elementor-section elementor-top-section elementor-element elementor-element-55afbca elementor-section-full_width elementor-section-height-min-height elementor-section-height-default elementor-section-items-middle\" data-id=\"55afbca\" data-element_type=\"section\" data-settings=\"{&quot;background_background&quot;:&quot;slideshow&quot;,&quot;background_slideshow_gallery&quot;:[],&quot;background_slideshow_loop&quot;:&quot;yes&quot;,&quot;background_slideshow_slide_duration&quot;:5000,&quot;background_slideshow_slide_transition&quot;:&quot;fade&quot;,&quot;background_slideshow_transition_duration&quot;:500}\">\n\t\t\t\t\t\t<div class=\"elementor-container elementor-column-gap-default\">\n\t\t\t\t\t<div class=\"elementor-column elementor-col-100 elementor-top-column elementor-element elementor-element-ee6bb45\" data-id=\"ee6bb45\" data-element_type=\"column\">\n\t\t\t<div class=\"elementor-widget-wrap elementor-element-populated\">\n\t\t\t\t\t\t\t<\/div>\n\t\t<\/div>\n\t\t\t\t\t<\/div>\n\t\t<\/section>\n\t\t\t\t<section class=\"elementor-section elementor-top-section elementor-element elementor-element-9795eca elementor-section-height-full elementor-section-boxed elementor-section-height-default elementor-section-items-middle\" data-id=\"9795eca\" data-element_type=\"section\">\n\t\t\t\t\t\t<div class=\"elementor-container elementor-column-gap-no\">\n\t\t\t\t\t<div class=\"elementor-column elementor-col-100 elementor-top-column elementor-element elementor-element-d06ad46\" data-id=\"d06ad46\" data-element_type=\"column\">\n\t\t\t<div class=\"elementor-widget-wrap elementor-element-populated\">\n\t\t\t\t\t\t<div class=\"elementor-element elementor-element-152bafe elementor-align-center elementor-widget elementor-widget-button\" data-id=\"152bafe\" data-element_type=\"widget\" data-widget_type=\"button.default\">\n\t\t\t\t<div class=\"elementor-widget-container\">\n\t\t\t\t\t\t\t\t\t<div class=\"elementor-button-wrapper\">\n\t\t\t\t\t<a class=\"elementor-button elementor-button-link elementor-size-sm\" href=\"https:\/\/www.unifio.edu.br\/processo-seletivo\/\" id=\"Vesti2024\">\n\t\t\t\t\t\t<span class=\"elementor-button-content-wrapper\">\n\t\t\t\t\t\t\t\t\t<span class=\"elementor-button-text\">VESTIBULAR UNIFIO<\/span>\n\t\t\t\t\t<\/span>\n\t\t\t\t\t<\/a>\n\t\t\t\t<\/div>\n\t\t\t\t\t\t\t\t<\/div>\n\t\t\t\t<\/div>\n\t\t\t\t<div class=\"elementor-element elementor-element-904769a elementor-grid-eael-col-4 elementor-grid-tablet-eael-col-2 elementor-grid-mobile-eael-col-1 elementor-widget elementor-widget-eael-post-grid\" data-id=\"904769a\" data-element_type=\"widget\" data-settings=\"{&quot;eael_post_grid_columns&quot;:&quot;eael-col-4&quot;,&quot;eael_post_grid_columns_tablet&quot;:&quot;eael-col-2&quot;,&quot;eael_post_grid_columns_mobile&quot;:&quot;eael-col-1&quot;}\" data-widget_type=\"eael-post-grid.default\">\n\t\t\t\t<div class=\"elementor-widget-container\">\n\t\t\t\t\t<div id=\"eael-post-grid-904769a\" class=\"eael-post-grid-container\">\n            <div class=\"eael-post-grid eael-post-appender eael-post-appender-904769a eael-post-grid-style-one\" data-layout-mode=\"masonry\"><article class=\"eael-grid-post eael-post-grid-column\" data-id=\"22734\">\n        <div class=\"eael-grid-post-holder\">\n            <div class=\"eael-grid-post-holder-inner\"><div class=\"eael-entry-media\"><div class=\"eael-entry-overlay fade-in\"><i class=\"fas fa-long-arrow-alt-right\" aria-hidden=\"true\"><\/i><a href=\"https:\/\/www.unifio.edu.br\/home\/professor-e-egressa-de-medicina-veterinaria-dounifio-sao-homenageados-pelo-crmv-sp\/\"><\/a><\/div><div class=\"eael-entry-thumbnail \">\n                <img fetchpriority=\"high\" decoding=\"async\" width=\"300\" height=\"200\" src=\"https:\/\/www.unifio.edu.br\/wp-content\/uploads\/2026\/04\/Professor-doutor-Marcos-Santanna-sendo-homenageado-300x200.jpg\" class=\"attachment-medium size-medium wp-image-22739\" alt=\"\" srcset=\"https:\/\/www.unifio.edu.br\/wp-content\/uploads\/2026\/04\/Professor-doutor-Marcos-Santanna-sendo-homenageado-300x200.jpg 300w, https:\/\/www.unifio.edu.br\/wp-content\/uploads\/2026\/04\/Professor-doutor-Marcos-Santanna-sendo-homenageado-1024x683.jpg 1024w, https:\/\/www.unifio.edu.br\/wp-content\/uploads\/2026\/04\/Professor-doutor-Marcos-Santanna-sendo-homenageado-768x512.jpg 768w, https:\/\/www.unifio.edu.br\/wp-content\/uploads\/2026\/04\/Professor-doutor-Marcos-Santanna-sendo-homenageado-1536x1024.jpg 1536w, https:\/\/www.unifio.edu.br\/wp-content\/uploads\/2026\/04\/Professor-doutor-Marcos-Santanna-sendo-homenageado-2048x1366.jpg 2048w, https:\/\/www.unifio.edu.br\/wp-content\/uploads\/2026\/04\/Professor-doutor-Marcos-Santanna-sendo-homenageado-1500x1000.jpg 1500w\" sizes=\"(max-width: 300px) 100vw, 300px\" \/>\n            <\/div>\n        <\/div><div class=\"eael-entry-wrapper\"><header class=\"eael-entry-header\"><h5 class=\"eael-entry-title\"><a class=\"eael-grid-post-link\" href=\"https:\/\/www.unifio.edu.br\/home\/professor-e-egressa-de-medicina-veterinaria-dounifio-sao-homenageados-pelo-crmv-sp\/\" title=\"Professor e egressa de Medicina Veterin\u00e1ria doUNIFIO s\u00e3o homenageados pelo CRMV-SP\">Professor e egressa de Medicina Veterin\u00e1ria doUNIFIO s\u00e3o homenageados pelo CRMV-SP<\/a><\/h5><\/header><div class=\"eael-entry-content\">\n                        <div class=\"eael-grid-post-excerpt\"><p><\/p><a href=\"https:\/\/www.unifio.edu.br\/home\/professor-e-egressa-de-medicina-veterinaria-dounifio-sao-homenageados-pelo-crmv-sp\/\" class=\"eael-post-elements-readmore-btn\">Ler mais<\/a><\/div>\n                    <\/div><\/div><\/div>\n        <\/div>\n    <\/article><article class=\"eael-grid-post eael-post-grid-column\" data-id=\"22713\">\n        <div class=\"eael-grid-post-holder\">\n            <div class=\"eael-grid-post-holder-inner\"><div class=\"eael-entry-media\"><div class=\"eael-entry-overlay fade-in\"><i class=\"fas fa-long-arrow-alt-right\" aria-hidden=\"true\"><\/i><a href=\"https:\/\/www.unifio.edu.br\/home\/unifio-realiza-evento-com-mitsubishi-electric-e-tecmaes-para-aproximar-estudantes-de-engenharia-da-industria\/\"><\/a><\/div><div class=\"eael-entry-thumbnail \">\n                <img decoding=\"async\" width=\"300\" height=\"169\" src=\"https:\/\/www.unifio.edu.br\/wp-content\/uploads\/2026\/03\/IMG_2383-300x169.jpg\" class=\"attachment-medium size-medium wp-image-22716\" alt=\"\" srcset=\"https:\/\/www.unifio.edu.br\/wp-content\/uploads\/2026\/03\/IMG_2383-300x169.jpg 300w, https:\/\/www.unifio.edu.br\/wp-content\/uploads\/2026\/03\/IMG_2383-1024x576.jpg 1024w, https:\/\/www.unifio.edu.br\/wp-content\/uploads\/2026\/03\/IMG_2383-768x432.jpg 768w, https:\/\/www.unifio.edu.br\/wp-content\/uploads\/2026\/03\/IMG_2383-1536x864.jpg 1536w, https:\/\/www.unifio.edu.br\/wp-content\/uploads\/2026\/03\/IMG_2383-2048x1152.jpg 2048w\" sizes=\"(max-width: 300px) 100vw, 300px\" \/>\n            <\/div>\n        <\/div><div class=\"eael-entry-wrapper\"><header class=\"eael-entry-header\"><h5 class=\"eael-entry-title\"><a class=\"eael-grid-post-link\" href=\"https:\/\/www.unifio.edu.br\/home\/unifio-realiza-evento-com-mitsubishi-electric-e-tecmaes-para-aproximar-estudantes-de-engenharia-da-industria\/\" title=\"UNIFIO realiza evento com MITSUBISHI Electric e TECMAES para aproximar estudantes de engenharia da ind\u00fastria\">UNIFIO realiza evento com MITSUBISHI Electric e TECMAES para aproximar estudantes de engenharia da ind\u00fastria<\/a><\/h5><\/header><div class=\"eael-entry-content\">\n                        <div class=\"eael-grid-post-excerpt\"><p><\/p><a href=\"https:\/\/www.unifio.edu.br\/home\/unifio-realiza-evento-com-mitsubishi-electric-e-tecmaes-para-aproximar-estudantes-de-engenharia-da-industria\/\" class=\"eael-post-elements-readmore-btn\">Ler mais<\/a><\/div>\n                    <\/div><\/div><\/div>\n        <\/div>\n    <\/article><article class=\"eael-grid-post eael-post-grid-column\" data-id=\"22700\">\n        <div class=\"eael-grid-post-holder\">\n            <div class=\"eael-grid-post-holder-inner\"><div class=\"eael-entry-media\"><div class=\"eael-entry-overlay fade-in\"><i class=\"fas fa-long-arrow-alt-right\" aria-hidden=\"true\"><\/i><a href=\"https:\/\/www.unifio.edu.br\/home\/unifio-lanca-oficialmente-projeto-de-futsal-einicia-nova-fase-no-esporte-de-formacao-em-ourinhos\/\"><\/a><\/div><div class=\"eael-entry-thumbnail \">\n                <img decoding=\"async\" width=\"300\" height=\"169\" src=\"https:\/\/www.unifio.edu.br\/wp-content\/uploads\/2026\/03\/Beatriz-Quagliato-Glaucia-Librelato-e-equipe-tecnica-300x169.jpeg\" class=\"attachment-medium size-medium wp-image-22706\" alt=\"\" srcset=\"https:\/\/www.unifio.edu.br\/wp-content\/uploads\/2026\/03\/Beatriz-Quagliato-Glaucia-Librelato-e-equipe-tecnica-300x169.jpeg 300w, https:\/\/www.unifio.edu.br\/wp-content\/uploads\/2026\/03\/Beatriz-Quagliato-Glaucia-Librelato-e-equipe-tecnica-1024x576.jpeg 1024w, https:\/\/www.unifio.edu.br\/wp-content\/uploads\/2026\/03\/Beatriz-Quagliato-Glaucia-Librelato-e-equipe-tecnica-768x432.jpeg 768w, https:\/\/www.unifio.edu.br\/wp-content\/uploads\/2026\/03\/Beatriz-Quagliato-Glaucia-Librelato-e-equipe-tecnica.jpeg 1280w\" sizes=\"(max-width: 300px) 100vw, 300px\" \/>\n            <\/div>\n        <\/div><div class=\"eael-entry-wrapper\"><header class=\"eael-entry-header\"><h5 class=\"eael-entry-title\"><a class=\"eael-grid-post-link\" href=\"https:\/\/www.unifio.edu.br\/home\/unifio-lanca-oficialmente-projeto-de-futsal-einicia-nova-fase-no-esporte-de-formacao-em-ourinhos\/\" title=\"UNIFIO lan\u00e7a oficialmente projeto de Futsal einicia nova fase no esporte de forma\u00e7\u00e3o em Ourinhos\">UNIFIO lan\u00e7a oficialmente projeto de Futsal einicia nova fase no esporte de forma\u00e7\u00e3o em Ourinhos<\/a><\/h5><\/header><div class=\"eael-entry-content\">\n                        <div class=\"eael-grid-post-excerpt\"><p><\/p><a href=\"https:\/\/www.unifio.edu.br\/home\/unifio-lanca-oficialmente-projeto-de-futsal-einicia-nova-fase-no-esporte-de-formacao-em-ourinhos\/\" class=\"eael-post-elements-readmore-btn\">Ler mais<\/a><\/div>\n                    <\/div><\/div><\/div>\n        <\/div>\n    <\/article><article class=\"eael-grid-post eael-post-grid-column\" data-id=\"22593\">\n        <div class=\"eael-grid-post-holder\">\n            <div class=\"eael-grid-post-holder-inner\"><div class=\"eael-entry-media\"><div class=\"eael-entry-overlay fade-in\"><i class=\"fas fa-long-arrow-alt-right\" aria-hidden=\"true\"><\/i><a href=\"https:\/\/www.unifio.edu.br\/home\/unifio-orienta-usuarios-do-e-mail-fio-edu-br-sobre-recuperacao-de-arquivos-do-drive-institucional\/\"><\/a><\/div><div class=\"eael-entry-thumbnail \">\n                <img loading=\"lazy\" decoding=\"async\" width=\"300\" height=\"200\" src=\"https:\/\/www.unifio.edu.br\/wp-content\/uploads\/2025\/12\/R4E6WCB-300x200.jpg\" class=\"attachment-medium size-medium wp-image-22596\" alt=\"\" srcset=\"https:\/\/www.unifio.edu.br\/wp-content\/uploads\/2025\/12\/R4E6WCB-300x200.jpg 300w, https:\/\/www.unifio.edu.br\/wp-content\/uploads\/2025\/12\/R4E6WCB-1024x684.jpg 1024w, https:\/\/www.unifio.edu.br\/wp-content\/uploads\/2025\/12\/R4E6WCB-768x513.jpg 768w, https:\/\/www.unifio.edu.br\/wp-content\/uploads\/2025\/12\/R4E6WCB-1536x1026.jpg 1536w, https:\/\/www.unifio.edu.br\/wp-content\/uploads\/2025\/12\/R4E6WCB-2048x1368.jpg 2048w, https:\/\/www.unifio.edu.br\/wp-content\/uploads\/2025\/12\/R4E6WCB-1500x1000.jpg 1500w\" sizes=\"(max-width: 300px) 100vw, 300px\" \/>\n            <\/div>\n        <\/div><div class=\"eael-entry-wrapper\"><header class=\"eael-entry-header\"><h5 class=\"eael-entry-title\"><a class=\"eael-grid-post-link\" href=\"https:\/\/www.unifio.edu.br\/home\/unifio-orienta-usuarios-do-e-mail-fio-edu-br-sobre-recuperacao-de-arquivos-do-drive-institucional\/\" title=\"UNIFIO orienta usu\u00e1rios do e-mail @fio.edu.br sobre recupera\u00e7\u00e3o de arquivos do drive institucional\">UNIFIO orienta usu\u00e1rios do e-mail @fio.edu.br sobre recupera\u00e7\u00e3o de arquivos do drive institucional<\/a><\/h5><\/header><div class=\"eael-entry-content\">\n                        <div class=\"eael-grid-post-excerpt\"><p><\/p><a href=\"https:\/\/www.unifio.edu.br\/home\/unifio-orienta-usuarios-do-e-mail-fio-edu-br-sobre-recuperacao-de-arquivos-do-drive-institucional\/\" class=\"eael-post-elements-readmore-btn\">Ler mais<\/a><\/div>\n                    <\/div><\/div><\/div>\n        <\/div>\n    <\/article><\/div>\n            <div class=\"clearfix\"><\/div>\n        <\/div>            <div class=\"eael-load-more-button-wrap eael-force-hide\">\n                <button class=\"eael-load-more-button\" id=\"eael-load-more-btn-904769a\" data-widget-id=\"904769a\" data-widget=\"904769a\" data-page-id=\"2039\" data-template=\"{&quot;dir&quot;:&quot;lite&quot;,&quot;file_name&quot;:&quot;one.php&quot;,&quot;name&quot;:&quot;Post-Grid&quot;}\" data-class=\"Essential_Addons_Elementor\\Elements\\Post_Grid\" data-layout=\"masonry\" data-page=\"1\" data-args=\"orderby=date&amp;order=desc&amp;ignore_sticky_posts=1&amp;post_status=publish&amp;posts_per_page=4&amp;offset=0&amp;post_type=post\" data-max-page=\"53\">\n                    <span class=\"eael-btn-loader button__loader\"><\/span>\n                    <span class=\"eael_load_more_text\">Carregar mais<\/span>\n                <\/button>\n            <\/div>\n            \t\t\t\t<\/div>\n\t\t\t\t<\/div>\n\t\t\t\t\t<\/div>\n\t\t<\/div>\n\t\t\t\t\t<\/div>\n\t\t<\/section>\n\t\t\t\t<\/div>\n\t\t","protected":false},"excerpt":{"rendered":"<p>VESTIBULAR UNIFIO FEMM realizou Assembl\u00e9ia de Mantenedores Ler mais P\u00f3s-Gradua\u00e7\u00e3o da UNIFIO promoveu palestra sobre intelig\u00eancia artificial aplicada aos neg\u00f3cios Ler mais O Centro Universit\u00e1rio de Ourinhos \u2013 UNIFIO marcou [&hellip;]<\/p>\n","protected":false},"author":12,"featured_media":0,"parent":0,"menu_order":0,"comment_status":"closed","ping_status":"closed","template":"","meta":{"_monsterinsights_skip_tracking":false,"_monsterinsights_sitenote_active":false,"_monsterinsights_sitenote_note":"","_monsterinsights_sitenote_category":0,"footnotes":""},"class_list":["post-2039","page","type-page","status-publish","hentry"],"_links":{"self":[{"href":"https:\/\/www.unifio.edu.br\/home\/wp-json\/wp\/v2\/pages\/2039","targetHints":{"allow":["GET"]}}],"collection":[{"href":"https:\/\/www.unifio.edu.br\/home\/wp-json\/wp\/v2\/pages"}],"about":[{"href":"https:\/\/www.unifio.edu.br\/home\/wp-json\/wp\/v2\/types\/page"}],"author":[{"embeddable":true,"href":"https:\/\/www.unifio.edu.br\/home\/wp-json\/wp\/v2\/users\/12"}],"replies":[{"embeddable":true,"href":"https:\/\/www.unifio.edu.br\/home\/wp-json\/wp\/v2\/comments?post=2039"}],"version-history":[{"count":6,"href":"https:\/\/www.unifio.edu.br\/home\/wp-json\/wp\/v2\/pages\/2039\/revisions"}],"predecessor-version":[{"id":22112,"href":"https:\/\/www.unifio.edu.br\/home\/wp-json\/wp\/v2\/pages\/2039\/revisions\/22112"}],"wp:attachment":[{"href":"https:\/\/www.unifio.edu.br\/home\/wp-json\/wp\/v2\/media?parent=2039"}],"curies":[{"name":"wp","href":"https:\/\/api.w.org\/{rel}","templated":true}]}}