{"id":15036,"date":"2020-11-13T17:59:00","date_gmt":"2020-11-13T19:59:00","guid":{"rendered":"https:\/\/www.unifio.edu.br\/home\/?page_id=15036"},"modified":"2024-05-28T12:44:42","modified_gmt":"2024-05-28T15:44:42","slug":"cursos-ead","status":"publish","type":"page","link":"https:\/\/www.unifio.edu.br\/home\/cursos-ead\/","title":{"rendered":"Cursos EAD"},"content":{"rendered":"\t\t<div data-elementor-type=\"wp-post\" data-elementor-id=\"15036\" class=\"elementor elementor-15036\">\n\t\t\t\t\t\t<section class=\"elementor-section elementor-top-section elementor-element elementor-element-aa9a325 elementor-section-height-min-height elementor-section-boxed elementor-section-height-default elementor-section-items-middle\" data-id=\"aa9a325\" data-element_type=\"section\" data-settings=\"{&quot;background_background&quot;:&quot;classic&quot;}\">\n\t\t\t\t\t\t<div class=\"elementor-container elementor-column-gap-default\">\n\t\t\t\t\t<div class=\"elementor-column elementor-col-100 elementor-top-column elementor-element elementor-element-5f14785\" data-id=\"5f14785\" data-element_type=\"column\">\n\t\t\t<div class=\"elementor-widget-wrap elementor-element-populated\">\n\t\t\t\t\t\t<div class=\"elementor-element elementor-element-62500ef5 elementor-widget elementor-widget-heading\" data-id=\"62500ef5\" data-element_type=\"widget\" data-widget_type=\"heading.default\">\n\t\t\t\t<div class=\"elementor-widget-container\">\n\t\t\t\t\t<h1 class=\"elementor-heading-title elementor-size-default\">Cursos EAD<\/h1>\t\t\t\t<\/div>\n\t\t\t\t<\/div>\n\t\t\t\t\t<\/div>\n\t\t<\/div>\n\t\t\t\t\t<\/div>\n\t\t<\/section>\n\t\t\t\t<section class=\"elementor-section elementor-top-section elementor-element elementor-element-4ee1271 elementor-section-boxed elementor-section-height-default elementor-section-height-default\" data-id=\"4ee1271\" data-element_type=\"section\">\n\t\t\t\t\t\t<div class=\"elementor-container elementor-column-gap-default\">\n\t\t\t\t\t<div class=\"elementor-column elementor-col-100 elementor-top-column elementor-element elementor-element-8725c9f\" data-id=\"8725c9f\" data-element_type=\"column\">\n\t\t\t<div class=\"elementor-widget-wrap elementor-element-populated\">\n\t\t\t\t\t\t<div class=\"elementor-element elementor-element-f196147 elementor-widget elementor-widget-text-editor\" data-id=\"f196147\" data-element_type=\"widget\" data-widget_type=\"text-editor.default\">\n\t\t\t\t<div class=\"elementor-widget-container\">\n\t\t\t\t\t\t\t\t\t<p><span id=\"layout_shortcode_5fae95f31c746\"> <div class=\"grid-plus-container grid-69f0c428066a3 course \"\n     id=\"69f0c428066a3\"\n     data-grid-name=\"Cursos EaD\"\n     data-animation=\"fadeInUp\">\n    <div class=\"grid-stack-container grid-plus-inner\"\n         data-ajax-url=\"https:\/\/www.unifio.edu.br\/wp-admin\/admin-ajax.php\"\n         data-grid-id=\"5fae95f31c746\"\n         data-current-category=\"200,211\"\n         data-section-id=\"69f0c428066a3\"\n         data-gutter=\"20\"\n         data-columns=\"3\"\n         data-height-ratio=\"3\"\n         data-width-ratio=\"4\"\n         data-desktop-columns=\"3\"\n         data-tablet-columns=\"2\"\n         data-mobile-columns=\"1\"\n         data-layout-type=\"grid\"\n         data-fix-item-height=\"false\"\n         data-nonce=\"1d1034ac45\"\n    >\n        \n        <div class=\"grid-stack grid-stack-3\" data-layout=\"grid\"\n             style=\"height: 9280px\">\n        <\/div>\n        <div class=\"grid-items\">\n                            <div class=\"item\" data-gs-x=\"0\"\n                     data-gs-y=\"0\"\n                     data-gs-width=\"1\"\n                     data-gs-height=\"31\"\n                     data-skin=\"thumbnail-icon-title-excerpt\"\n\n                     data-desktop-gs-x=\"0\"\n                     data-desktop-gs-y=\"0\"\n                     data-desktop-gs-width=\"1\"\n                     data-desktop-gs-height=\"31\"\n                     data-desktop-skin=\"thumbnail-icon-title-excerpt\"\n\n                     data-image-width=\"651\"\n                     data-image-height=\"600\"\n                >\n                    <div class=\"grid-post-item thumbnail-title\" data-post-info-class=\"post-info\">\n    <div class=\"thumbnail-image\" data-img=\"https:\/\/www.unifio.edu.br\/wp-content\/uploads\/2020\/11\/ADMINISTRACAO.jpg\">\n                    <img decoding=\"async\" src=\"https:\/\/www.unifio.edu.br\/wp-content\/uploads\/2020\/11\/ADMINISTRACAO.jpg\" alt=\"Administra\u00e7\u00e3o\" >\n                <div class=\"hover-outer transition-30\">\n                            <a href=\"https:\/\/www.unifio.edu.br\/home\/course\/administracao-ead\/\" title=\"Administra\u00e7\u00e3o\"><\/a>\n                        <div class=\"hover-inner transition-50\">\n                <div class=\"icon-groups\">\n                                            <a href=\"https:\/\/www.unifio.edu.br\/home\/course\/administracao-ead\/\" class=\"view-detail\" ><i class=\"fa fa-link\"><\/i><\/a>\n                                        <a href=\"javascript:;\" data-src=\"https:\/\/www.unifio.edu.br\/wp-content\/uploads\/2020\/11\/ADMINISTRACAO.jpg\" class=\"view-gallery\" data-post-id=\"14991\"\n                       data-ajax-url=\"https:\/\/www.unifio.edu.br\/wp-admin\/admin-ajax.php?_wpnonce=0192c9d3c9\"><i class=\"fa fa-search\"><\/i><\/a>\n                <\/div>\n            <\/div>\n        <\/div>\n    <\/div>\n    <div class=\"post-info\">\n                    <div class=\"title\">\n                                    <a href=\"https:\/\/www.unifio.edu.br\/home\/course\/administracao-ead\/\" title=\"Administra\u00e7\u00e3o\">Administra\u00e7\u00e3o<\/a>\n                            <\/div>\n                    <\/div>\n<\/div>\n                <\/div>\n                                <div class=\"item\" data-gs-x=\"1\"\n                     data-gs-y=\"0\"\n                     data-gs-width=\"1\"\n                     data-gs-height=\"31\"\n                     data-skin=\"thumbnail-icon-title-excerpt\"\n\n                     data-desktop-gs-x=\"1\"\n                     data-desktop-gs-y=\"0\"\n                     data-desktop-gs-width=\"1\"\n                     data-desktop-gs-height=\"31\"\n                     data-desktop-skin=\"thumbnail-icon-title-excerpt\"\n\n                     data-image-width=\"651\"\n                     data-image-height=\"600\"\n                >\n                    <div class=\"grid-post-item thumbnail-title\" data-post-info-class=\"post-info\">\n    <div class=\"thumbnail-image\" data-img=\"https:\/\/www.unifio.edu.br\/wp-content\/uploads\/2020\/11\/RECURSOS-HUMANOS-EAD.jpg\">\n                    <img decoding=\"async\" src=\"https:\/\/www.unifio.edu.br\/wp-content\/uploads\/2020\/11\/RECURSOS-HUMANOS-EAD.jpg\" alt=\"Gest\u00e3o de Recursos Humanos\" >\n                <div class=\"hover-outer transition-30\">\n                            <a href=\"https:\/\/www.unifio.edu.br\/home\/course\/recursos-humanos-ead\/\" title=\"Gest\u00e3o de Recursos Humanos\"><\/a>\n                        <div class=\"hover-inner transition-50\">\n                <div class=\"icon-groups\">\n                                            <a href=\"https:\/\/www.unifio.edu.br\/home\/course\/recursos-humanos-ead\/\" class=\"view-detail\" ><i class=\"fa fa-link\"><\/i><\/a>\n                                        <a href=\"javascript:;\" data-src=\"https:\/\/www.unifio.edu.br\/wp-content\/uploads\/2020\/11\/RECURSOS-HUMANOS-EAD.jpg\" class=\"view-gallery\" data-post-id=\"15028\"\n                       data-ajax-url=\"https:\/\/www.unifio.edu.br\/wp-admin\/admin-ajax.php?_wpnonce=0192c9d3c9\"><i class=\"fa fa-search\"><\/i><\/a>\n                <\/div>\n            <\/div>\n        <\/div>\n    <\/div>\n    <div class=\"post-info\">\n                    <div class=\"title\">\n                                    <a href=\"https:\/\/www.unifio.edu.br\/home\/course\/recursos-humanos-ead\/\" title=\"Gest\u00e3o de Recursos Humanos\">Gest\u00e3o de Recursos Humanos<\/a>\n                            <\/div>\n                    <\/div>\n<\/div>\n                <\/div>\n                                <div class=\"item\" data-gs-x=\"2\"\n                     data-gs-y=\"0\"\n                     data-gs-width=\"1\"\n                     data-gs-height=\"31\"\n                     data-skin=\"thumbnail-icon-title-excerpt\"\n\n                     data-desktop-gs-x=\"2\"\n                     data-desktop-gs-y=\"0\"\n                     data-desktop-gs-width=\"1\"\n                     data-desktop-gs-height=\"31\"\n                     data-desktop-skin=\"thumbnail-icon-title-excerpt\"\n\n                     data-image-width=\"4000\"\n                     data-image-height=\"2250\"\n                >\n                    <div class=\"grid-post-item thumbnail-title\" data-post-info-class=\"post-info\">\n    <div class=\"thumbnail-image\" data-img=\"https:\/\/www.unifio.edu.br\/wp-content\/uploads\/2020\/11\/group-of-casually-dressed-business-people-discussing-ideas-in-the-office.jpg\">\n                    <img decoding=\"async\" src=\"https:\/\/www.unifio.edu.br\/wp-content\/uploads\/2020\/11\/group-of-casually-dressed-business-people-discussing-ideas-in-the-office.jpg\" alt=\"Marketing\" >\n                <div class=\"hover-outer transition-30\">\n                            <a href=\"https:\/\/www.unifio.edu.br\/home\/course\/marketing\/\" title=\"Marketing\"><\/a>\n                        <div class=\"hover-inner transition-50\">\n                <div class=\"icon-groups\">\n                                            <a href=\"https:\/\/www.unifio.edu.br\/home\/course\/marketing\/\" class=\"view-detail\" ><i class=\"fa fa-link\"><\/i><\/a>\n                                        <a href=\"javascript:;\" data-src=\"https:\/\/www.unifio.edu.br\/wp-content\/uploads\/2020\/11\/group-of-casually-dressed-business-people-discussing-ideas-in-the-office.jpg\" class=\"view-gallery\" data-post-id=\"14963\"\n                       data-ajax-url=\"https:\/\/www.unifio.edu.br\/wp-admin\/admin-ajax.php?_wpnonce=0192c9d3c9\"><i class=\"fa fa-search\"><\/i><\/a>\n                <\/div>\n            <\/div>\n        <\/div>\n    <\/div>\n    <div class=\"post-info\">\n                    <div class=\"title\">\n                                    <a href=\"https:\/\/www.unifio.edu.br\/home\/course\/marketing\/\" title=\"Marketing\">Marketing<\/a>\n                            <\/div>\n                    <\/div>\n<\/div>\n                <\/div>\n                        <\/div>\n\n            <\/div>\n<\/div>\n <\/span><\/p>\t\t\t\t\t\t\t\t<\/div>\n\t\t\t\t<\/div>\n\t\t\t\t<div class=\"elementor-element elementor-element-7b59005 elementor-widget-divider--view-line elementor-widget elementor-widget-divider\" data-id=\"7b59005\" data-element_type=\"widget\" data-widget_type=\"divider.default\">\n\t\t\t\t<div class=\"elementor-widget-container\">\n\t\t\t\t\t\t\t<div class=\"elementor-divider\">\n\t\t\t<span class=\"elementor-divider-separator\">\n\t\t\t\t\t\t<\/span>\n\t\t<\/div>\n\t\t\t\t\t\t<\/div>\n\t\t\t\t<\/div>\n\t\t\t\t\t<\/div>\n\t\t<\/div>\n\t\t\t\t\t<\/div>\n\t\t<\/section>\n\t\t\t\t<section class=\"elementor-section elementor-top-section elementor-element elementor-element-a386e40 elementor-section-boxed elementor-section-height-default elementor-section-height-default\" data-id=\"a386e40\" data-element_type=\"section\">\n\t\t\t\t\t\t<div class=\"elementor-container elementor-column-gap-default\">\n\t\t\t\t\t<div class=\"elementor-column elementor-col-50 elementor-top-column elementor-element elementor-element-ff4c3e4\" data-id=\"ff4c3e4\" data-element_type=\"column\">\n\t\t\t<div class=\"elementor-widget-wrap elementor-element-populated\">\n\t\t\t\t\t\t<div class=\"elementor-element elementor-element-d41b6f1 elementor-widget elementor-widget-accordion\" data-id=\"d41b6f1\" data-element_type=\"widget\" data-widget_type=\"accordion.default\">\n\t\t\t\t<div class=\"elementor-widget-container\">\n\t\t\t\t\t\t\t<div class=\"elementor-accordion\">\n\t\t\t\t\t\t\t<div class=\"elementor-accordion-item\">\n\t\t\t\t\t<div id=\"elementor-tab-title-2221\" class=\"elementor-tab-title\" data-tab=\"1\" role=\"button\" aria-controls=\"elementor-tab-content-2221\" aria-expanded=\"false\">\n\t\t\t\t\t\t\t\t\t\t\t\t\t<span class=\"elementor-accordion-icon elementor-accordion-icon-left\" aria-hidden=\"true\">\n\t\t\t\t\t\t\t\t\t\t\t\t\t\t\t<span class=\"elementor-accordion-icon-closed\"><i class=\"far fa-address-book\"><\/i><\/span>\n\t\t\t\t\t\t\t\t<span class=\"elementor-accordion-icon-opened\"><i class=\"fas fa-minus\"><\/i><\/span>\n\t\t\t\t\t\t\t\t\t\t\t\t\t\t<\/span>\n\t\t\t\t\t\t\t\t\t\t\t\t<a class=\"elementor-accordion-title\" tabindex=\"0\">Coordenadores do EaD<\/a>\n\t\t\t\t\t<\/div>\n\t\t\t\t\t<div id=\"elementor-tab-content-2221\" class=\"elementor-tab-content elementor-clearfix\" data-tab=\"1\" role=\"region\" aria-labelledby=\"elementor-tab-title-2221\"><p style=\"font-weight: 400;\">Gilberto Jos\u00e9 Rodrigues<\/p><p><span class=\"TextRun SCXW59409531\" lang=\"PT-BR\" xml:lang=\"PT-BR\">\u202f<\/span>Narda Helena Jorosky<\/p><p style=\"font-weight: 400;\">\u00a0<\/p><\/div>\n\t\t\t\t<\/div>\n\t\t\t\t\t\t\t<div class=\"elementor-accordion-item\">\n\t\t\t\t\t<div id=\"elementor-tab-title-2222\" class=\"elementor-tab-title\" data-tab=\"2\" role=\"button\" aria-controls=\"elementor-tab-content-2222\" aria-expanded=\"false\">\n\t\t\t\t\t\t\t\t\t\t\t\t\t<span class=\"elementor-accordion-icon elementor-accordion-icon-left\" aria-hidden=\"true\">\n\t\t\t\t\t\t\t\t\t\t\t\t\t\t\t<span class=\"elementor-accordion-icon-closed\"><i class=\"far fa-address-book\"><\/i><\/span>\n\t\t\t\t\t\t\t\t<span class=\"elementor-accordion-icon-opened\"><i class=\"fas fa-minus\"><\/i><\/span>\n\t\t\t\t\t\t\t\t\t\t\t\t\t\t<\/span>\n\t\t\t\t\t\t\t\t\t\t\t\t<a class=\"elementor-accordion-title\" tabindex=\"0\">Quadro de professores<\/a>\n\t\t\t\t\t<\/div>\n\t\t\t\t\t<div id=\"elementor-tab-content-2222\" class=\"elementor-tab-content elementor-clearfix\" data-tab=\"2\" role=\"region\" aria-labelledby=\"elementor-tab-title-2222\"><p style=\"font-weight: 400;\">Aline Cristina Prado de Lima<\/p><p style=\"font-weight: 400;\">Andr\u00e9 Lu\u00eds Cateli Rosa<\/p><p style=\"font-weight: 400;\">Gilberto Jos\u00e9 Rodrigues<\/p><p style=\"font-weight: 400;\">Gilson Aparecido Castadelli<\/p><p style=\"font-weight: 400;\">Graciele Fernanda de Souza Pinto<\/p><p style=\"font-weight: 400;\">Jacqueline Cristiane de Oliveira Silva<\/p><p style=\"font-weight: 400;\">Jos\u00e9 Augusto Bertoncini Gon\u00e7ales<\/p><p style=\"font-weight: 400;\">Juliana de Ara\u00fajo Cubas da Silva<\/p><p style=\"font-weight: 400;\">Paulo Celso Francisco<\/p><\/div>\n\t\t\t\t<\/div>\n\t\t\t\t\t\t\t\t<\/div>\n\t\t\t\t\t\t<\/div>\n\t\t\t\t<\/div>\n\t\t\t\t\t<\/div>\n\t\t<\/div>\n\t\t\t\t<div class=\"elementor-column elementor-col-50 elementor-top-column elementor-element elementor-element-545dbe9\" data-id=\"545dbe9\" data-element_type=\"column\">\n\t\t\t<div class=\"elementor-widget-wrap elementor-element-populated\">\n\t\t\t\t\t\t<div class=\"elementor-element elementor-element-d7a3531 mec-img elementor-widget elementor-widget-image\" data-id=\"d7a3531\" data-element_type=\"widget\" data-widget_type=\"image.default\">\n\t\t\t\t<div class=\"elementor-widget-container\">\n\t\t\t\t\t\t\t\t\t\t\t\t\t\t\t<img fetchpriority=\"high\" decoding=\"async\" width=\"1024\" height=\"576\" src=\"https:\/\/www.unifio.edu.br\/wp-content\/uploads\/2022\/11\/site_banner_qrcode_pronto-2-1024x576.png\" class=\"attachment-large size-large wp-image-17385\" alt=\"\" srcset=\"https:\/\/www.unifio.edu.br\/wp-content\/uploads\/2022\/11\/site_banner_qrcode_pronto-2-1024x576.png 1024w, https:\/\/www.unifio.edu.br\/wp-content\/uploads\/2022\/11\/site_banner_qrcode_pronto-2-300x169.png 300w, https:\/\/www.unifio.edu.br\/wp-content\/uploads\/2022\/11\/site_banner_qrcode_pronto-2-768x432.png 768w, https:\/\/www.unifio.edu.br\/wp-content\/uploads\/2022\/11\/site_banner_qrcode_pronto-2-1536x864.png 1536w, https:\/\/www.unifio.edu.br\/wp-content\/uploads\/2022\/11\/site_banner_qrcode_pronto-2.png 1920w\" sizes=\"(max-width: 1024px) 100vw, 1024px\" \/>\t\t\t\t\t\t\t\t\t\t\t\t\t\t\t<\/div>\n\t\t\t\t<\/div>\n\t\t\t\t\t<\/div>\n\t\t<\/div>\n\t\t\t\t\t<\/div>\n\t\t<\/section>\n\t\t\t\t<section class=\"elementor-section elementor-top-section elementor-element elementor-element-55233e4 elementor-section-boxed elementor-section-height-default elementor-section-height-default\" data-id=\"55233e4\" data-element_type=\"section\">\n\t\t\t\t\t\t<div class=\"elementor-container elementor-column-gap-default\">\n\t\t\t\t\t<div class=\"elementor-column elementor-col-100 elementor-top-column elementor-element elementor-element-c79cbf8\" data-id=\"c79cbf8\" data-element_type=\"column\">\n\t\t\t<div class=\"elementor-widget-wrap elementor-element-populated\">\n\t\t\t\t\t\t<div class=\"elementor-element elementor-element-e444085 elementor-widget elementor-widget-heading\" data-id=\"e444085\" data-element_type=\"widget\" data-widget_type=\"heading.default\">\n\t\t\t\t<div class=\"elementor-widget-container\">\n\t\t\t\t\t<h2 class=\"elementor-heading-title elementor-size-medium\">Compartilhe em suas redes sociais<\/h2>\t\t\t\t<\/div>\n\t\t\t\t<\/div>\n\t\t\t\t<div class=\"elementor-element elementor-element-8a642e7 elementor-widget elementor-widget-wp-widget-a2a_share_save_widget\" data-id=\"8a642e7\" data-element_type=\"widget\" data-widget_type=\"wp-widget-a2a_share_save_widget.default\">\n\t\t\t\t<div class=\"elementor-widget-container\">\n\t\t\t\t\t<div class=\"a2a_kit a2a_kit_size_32 addtoany_list\"><a class=\"a2a_button_facebook\" href=\"https:\/\/www.addtoany.com\/add_to\/facebook?linkurl=https%3A%2F%2Fwww.unifio.edu.br%2Fhome%2Fhome%2Fwp-json%2Fwp%2Fv2%2Fpages%2F15036&amp;linkname=\" title=\"Facebook\" rel=\"nofollow noopener\" target=\"_blank\"><\/a><a class=\"a2a_button_twitter\" href=\"https:\/\/www.addtoany.com\/add_to\/twitter?linkurl=https%3A%2F%2Fwww.unifio.edu.br%2Fhome%2Fhome%2Fwp-json%2Fwp%2Fv2%2Fpages%2F15036&amp;linkname=\" title=\"Twitter\" rel=\"nofollow noopener\" target=\"_blank\"><\/a><a class=\"a2a_button_whatsapp\" href=\"https:\/\/www.addtoany.com\/add_to\/whatsapp?linkurl=https%3A%2F%2Fwww.unifio.edu.br%2Fhome%2Fhome%2Fwp-json%2Fwp%2Fv2%2Fpages%2F15036&amp;linkname=\" title=\"WhatsApp\" rel=\"nofollow noopener\" target=\"_blank\"><\/a><a class=\"a2a_button_telegram\" href=\"https:\/\/www.addtoany.com\/add_to\/telegram?linkurl=https%3A%2F%2Fwww.unifio.edu.br%2Fhome%2Fhome%2Fwp-json%2Fwp%2Fv2%2Fpages%2F15036&amp;linkname=\" title=\"Telegram\" rel=\"nofollow noopener\" target=\"_blank\"><\/a><a class=\"a2a_button_linkedin\" href=\"https:\/\/www.addtoany.com\/add_to\/linkedin?linkurl=https%3A%2F%2Fwww.unifio.edu.br%2Fhome%2Fhome%2Fwp-json%2Fwp%2Fv2%2Fpages%2F15036&amp;linkname=\" title=\"LinkedIn\" rel=\"nofollow noopener\" target=\"_blank\"><\/a><a class=\"a2a_dd addtoany_share_save addtoany_share\" href=\"https:\/\/www.addtoany.com\/share\" target=\"_blank\" rel=\"noopener\"><\/a><\/div>\t\t\t\t<\/div>\n\t\t\t\t<\/div>\n\t\t\t\t\t<\/div>\n\t\t<\/div>\n\t\t\t\t\t<\/div>\n\t\t<\/section>\n\t\t\t\t<\/div>\n\t\t","protected":false},"excerpt":{"rendered":"<p>Cursos EAD Coordenadores do EaD Gilberto Jos\u00e9 Rodrigues \u202fNarda Helena Jorosky \u00a0 Quadro de professores Aline Cristina Prado de Lima Andr\u00e9 Lu\u00eds Cateli Rosa Gilberto Jos\u00e9 Rodrigues Gilson Aparecido Castadelli [&hellip;]<\/p>\n","protected":false},"author":12,"featured_media":0,"parent":0,"menu_order":0,"comment_status":"closed","ping_status":"closed","template":"","meta":{"_monsterinsights_skip_tracking":false,"_monsterinsights_sitenote_active":false,"_monsterinsights_sitenote_note":"","_monsterinsights_sitenote_category":0,"footnotes":""},"class_list":["post-15036","page","type-page","status-publish","hentry"],"_links":{"self":[{"href":"https:\/\/www.unifio.edu.br\/home\/wp-json\/wp\/v2\/pages\/15036","targetHints":{"allow":["GET"]}}],"collection":[{"href":"https:\/\/www.unifio.edu.br\/home\/wp-json\/wp\/v2\/pages"}],"about":[{"href":"https:\/\/www.unifio.edu.br\/home\/wp-json\/wp\/v2\/types\/page"}],"author":[{"embeddable":true,"href":"https:\/\/www.unifio.edu.br\/home\/wp-json\/wp\/v2\/users\/12"}],"replies":[{"embeddable":true,"href":"https:\/\/www.unifio.edu.br\/home\/wp-json\/wp\/v2\/comments?post=15036"}],"version-history":[{"count":6,"href":"https:\/\/www.unifio.edu.br\/home\/wp-json\/wp\/v2\/pages\/15036\/revisions"}],"predecessor-version":[{"id":20629,"href":"https:\/\/www.unifio.edu.br\/home\/wp-json\/wp\/v2\/pages\/15036\/revisions\/20629"}],"wp:attachment":[{"href":"https:\/\/www.unifio.edu.br\/home\/wp-json\/wp\/v2\/media?parent=15036"}],"curies":[{"name":"wp","href":"https:\/\/api.w.org\/{rel}","templated":true}]}}